{"id":3843,"date":"2024-04-17T19:48:25","date_gmt":"2024-04-18T00:48:25","guid":{"rendered":"https:\/\/edisonosorio.com\/?page_id=3843"},"modified":"2024-06-19T16:54:48","modified_gmt":"2024-06-19T21:54:48","slug":"contacto","status":"publish","type":"page","link":"https:\/\/edisonosorio.com\/en\/contacto\/","title":{"rendered":"Contact us"},"content":{"rendered":"<div data-elementor-type=\"wp-page\" data-elementor-id=\"3843\" class=\"elementor elementor-3843\">\n\t\t\t\t\t\t<section class=\"elementor-section elementor-top-section elementor-element elementor-element-17109b78 elementor-section-full_width elementor-section-stretched elementor-section-height-default elementor-section-height-default\" data-id=\"17109b78\" data-element_type=\"section\" data-settings=\"{&quot;stretch_section&quot;:&quot;section-stretched&quot;}\">\n\t\t\t\t\t\t<div class=\"elementor-container elementor-column-gap-default\">\n\t\t\t\t\t<div class=\"elementor-column elementor-col-100 elementor-top-column elementor-element elementor-element-28376572\" data-id=\"28376572\" data-element_type=\"column\">\n\t\t\t<div class=\"elementor-widget-wrap elementor-element-populated\">\n\t\t\t\t\t\t<div class=\"elementor-element elementor-element-618551f elementor-widget elementor-widget-heading\" data-id=\"618551f\" data-element_type=\"widget\" data-widget_type=\"heading.default\">\n\t\t\t\t<div class=\"elementor-widget-container\">\n\t\t\t\t\t<h1 class=\"elementor-heading-title elementor-size-default\">Contact us<\/h1>\t\t\t\t<\/div>\n\t\t\t\t<\/div>\n\t\t\t\t<section class=\"elementor-section elementor-inner-section elementor-element elementor-element-4777acd0 elementor-section-content-middle elementor-section-boxed elementor-section-height-default elementor-section-height-default\" data-id=\"4777acd0\" data-element_type=\"section\">\n\t\t\t\t\t\t<div class=\"elementor-container elementor-column-gap-default\">\n\t\t\t\t\t<div class=\"elementor-column elementor-col-50 elementor-inner-column elementor-element elementor-element-5bc42973\" data-id=\"5bc42973\" data-element_type=\"column\">\n\t\t\t<div class=\"elementor-widget-wrap elementor-element-populated\">\n\t\t\t\t\t\t<div class=\"elementor-element elementor-element-d972275 eael-contact-form-7-button-align-left eael-contact-form-7-button-custom elementor-widget elementor-widget-eael-contact-form-7\" data-id=\"d972275\" data-element_type=\"widget\" data-widget_type=\"eael-contact-form-7.default\">\n\t\t\t\t<div class=\"elementor-widget-container\">\n\t\t\t\t\t<div class=\"eael-contact-form-7-wrapper\">\n                <div class=\"eael-contact-form eael-contact-form-7 eael-contact-form-d972275 placeholder-show eael-contact-form-align-default\">\n<div class=\"wpcf7 no-js\" id=\"wpcf7-f6-o1\" lang=\"es-CO\" dir=\"ltr\" data-wpcf7-id=\"6\">\n<div class=\"screen-reader-response\"><p role=\"status\" aria-live=\"polite\" aria-atomic=\"true\"><\/p> <ul><\/ul><\/div>\n<form action=\"\/en\/wp-json\/wp\/v2\/pages\/3843#wpcf7-f6-o1\" method=\"post\" class=\"wpcf7-form init\" aria-label=\"Formulario de contacto\" novalidate=\"novalidate\" data-status=\"init\" data-trp-original-action=\"\/en\/wp-json\/wp\/v2\/pages\/3843#wpcf7-f6-o1\">\n<fieldset class=\"hidden-fields-container\"><input type=\"hidden\" name=\"_wpcf7\" value=\"6\" \/><input type=\"hidden\" name=\"_wpcf7_version\" value=\"6.1.5\" \/><input type=\"hidden\" name=\"_wpcf7_locale\" value=\"es_CO\" \/><input type=\"hidden\" name=\"_wpcf7_unit_tag\" value=\"wpcf7-f6-o1\" \/><input type=\"hidden\" name=\"_wpcf7_container_post\" value=\"0\" \/><input type=\"hidden\" name=\"_wpcf7_posted_data_hash\" value=\"\" \/>\n<\/fieldset>\n<div class='row_at_2'><div class=\"col_at\"><span class=\"wpcf7-form-control-wrap\" data-name=\"text-461\"><input size=\"40\" maxlength=\"400\" class=\"wpcf7-form-control wpcf7-text wpcf7-validates-as-required\" aria-required=\"true\" aria-invalid=\"false\" placeholder=\"Nombre\" value=\"\" type=\"text\" name=\"text-461\" \/><\/span><\/div><div class=\"col_at\"><span class=\"wpcf7-form-control-wrap\" data-name=\"text-70\"><input size=\"40\" maxlength=\"400\" class=\"wpcf7-form-control wpcf7-text wpcf7-validates-as-required\" aria-required=\"true\" aria-invalid=\"false\" placeholder=\"Asunto\" value=\"\" type=\"text\" name=\"text-70\" \/><\/span><\/div><\/div>\n<div class='row_at_2'><div class=\"col_at\"><span class=\"wpcf7-form-control-wrap\" data-name=\"email-602\"><input size=\"40\" maxlength=\"400\" class=\"wpcf7-form-control wpcf7-email wpcf7-validates-as-required wpcf7-text wpcf7-validates-as-email\" aria-required=\"true\" aria-invalid=\"false\" placeholder=\"Email\" value=\"\" type=\"email\" name=\"email-602\" \/><\/span><\/div><div class=\"col_at\"><span class=\"wpcf7-form-control-wrap\" data-name=\"tel-54\"><input size=\"40\" maxlength=\"400\" class=\"wpcf7-form-control wpcf7-tel wpcf7-validates-as-required wpcf7-text wpcf7-validates-as-tel\" aria-required=\"true\" aria-invalid=\"false\" placeholder=\"Tel\u00e9fono\" value=\"\" type=\"tel\" name=\"tel-54\" \/><\/span><\/div><\/div>\n<div class='row_at_1'><div class=\"col_at\"><span class=\"wpcf7-form-control-wrap\" data-name=\"textarea-932\"><textarea cols=\"40\" rows=\"10\" maxlength=\"2000\" class=\"wpcf7-form-control wpcf7-textarea wpcf7-validates-as-required\" aria-required=\"true\" aria-invalid=\"false\" placeholder=\"Cu\u00e9ntanos tus ideas.\" name=\"textarea-932\"><\/textarea><\/span><\/div><\/div>\n<div class='row_at_7_5'><div id='terminos' class=\"col_at\"><span class=\"wpcf7-form-control-wrap\" data-name=\"invert\"><span class=\"wpcf7-form-control wpcf7-acceptance\"><span class=\"wpcf7-list-item\"><label><input type=\"checkbox\" name=\"invert\" value=\"1\" checked=\"checked\" class=\"acepto\" aria-invalid=\"false\" \/><span class=\"wpcf7-list-item-label\">.<\/span><\/label><\/span><\/span><\/span><a href='https:\/\/edisonosorio.com\/en\/terminos-y-condiciones\/' target='_blank'>T\u00e9rminos y Condiciones<\/a><\/div><div class=\"col_at\"><input class=\"wpcf7-form-control wpcf7-submit has-spinner btn_at w_100 text_center\" type=\"submit\" value=\"Enviar\" \/><\/div><\/div><div class=\"wpcf7-response-output\" aria-hidden=\"true\"><\/div>\n<input type=\"hidden\" name=\"trp-form-language\" value=\"en\"\/><\/form>\n<\/div>\n<\/div>\n            <\/div>\t\t\t\t<\/div>\n\t\t\t\t<\/div>\n\t\t\t\t\t<\/div>\n\t\t<\/div>\n\t\t\t\t<div class=\"elementor-column elementor-col-50 elementor-inner-column elementor-element elementor-element-4692616b\" data-id=\"4692616b\" data-element_type=\"column\">\n\t\t\t<div class=\"elementor-widget-wrap elementor-element-populated\">\n\t\t\t\t\t\t<div class=\"elementor-element elementor-element-1da7daf6 elementor-widget elementor-widget-heading\" data-id=\"1da7daf6\" data-element_type=\"widget\" data-widget_type=\"heading.default\">\n\t\t\t\t<div class=\"elementor-widget-container\">\n\t\t\t\t\t<h2 class=\"elementor-heading-title elementor-size-default\">Contact information<\/h2>\t\t\t\t<\/div>\n\t\t\t\t<\/div>\n\t\t\t\t<div class=\"elementor-element elementor-element-418dfca3 elementor-widget elementor-widget-text-editor\" data-id=\"418dfca3\" data-element_type=\"widget\" data-widget_type=\"text-editor.default\">\n\t\t\t\t<div class=\"elementor-widget-container\">\n\t\t\t\t\t\t\t\t\t<ul><li>Cli\u00edica Bioforma<\/li><li>Oficinas: Carrera 25B No 16A Sur \u2013 211. Transversal Superior San Lucas<\/li><li>Celular: (+57) 314 864 4099<\/li><li>info@edisonosorio.com<\/li><li>Medell\u00edn, Antioquia. Colombia<\/li><\/ul>\t\t\t\t\t\t\t\t<\/div>\n\t\t\t\t<\/div>\n\t\t\t\t\t<\/div>\n\t\t<\/div>\n\t\t\t\t\t<\/div>\n\t\t<\/section>\n\t\t\t\t\t<\/div>\n\t\t<\/div>\n\t\t\t\t\t<\/div>\n\t\t<\/section>\n\t\t\t\t<section class=\"elementor-section elementor-top-section elementor-element elementor-element-39517bd elementor-section-full_width elementor-section-stretched elementor-section-height-default elementor-section-height-default\" data-id=\"39517bd\" data-element_type=\"section\" data-settings=\"{&quot;stretch_section&quot;:&quot;section-stretched&quot;}\">\n\t\t\t\t\t\t<div class=\"elementor-container elementor-column-gap-default\">\n\t\t\t\t\t<div class=\"elementor-column elementor-col-100 elementor-top-column elementor-element elementor-element-623b570\" data-id=\"623b570\" data-element_type=\"column\">\n\t\t\t<div class=\"elementor-widget-wrap elementor-element-populated\">\n\t\t\t\t\t\t<div class=\"elementor-element elementor-element-7697e6d elementor-widget elementor-widget-google_maps\" data-id=\"7697e6d\" data-element_type=\"widget\" data-widget_type=\"google_maps.default\">\n\t\t\t\t<div class=\"elementor-widget-container\">\n\t\t\t\t\t\t\t<div class=\"elementor-custom-embed\">\n\t\t\t<iframe loading=\"lazy\"\n\t\t\t\t\tsrc=\"https:\/\/maps.google.com\/maps?q=clinica%20bioforma&#038;t=m&#038;z=14&#038;output=embed&#038;iwloc=near\"\n\t\t\t\t\ttitle=\"clinica bioforma\"\n\t\t\t\t\taria-label=\"clinica bioforma\"\n\t\t\t><\/iframe>\n\t\t<\/div>\n\t\t\t\t\t\t<\/div>\n\t\t\t\t<\/div>\n\t\t\t\t\t<\/div>\n\t\t<\/div>\n\t\t\t\t\t<\/div>\n\t\t<\/section>\n\t\t\t\t<\/div>","protected":false},"excerpt":{"rendered":"<p>Contacto .T\u00e9rminos y Condiciones Informaci\u00f3n de contacto Cli\u00edica Bioforma Oficinas: Carrera 25B No 16A Sur \u2013 211. Transversal Superior San Lucas Celular: (+57) 314 864 4099 info@edisonosorio.com Medell\u00edn, Antioquia. Colombia<\/p>","protected":false},"author":1,"featured_media":0,"parent":0,"menu_order":0,"comment_status":"closed","ping_status":"closed","template":"","meta":{"_acf_changed":false,"footnotes":""},"class_list":["post-3843","page","type-page","status-publish","hentry"],"acf":[],"yoast_head":"<!-- This site is optimized with the Yoast SEO plugin v26.9 - https:\/\/yoast.com\/product\/yoast-seo-wordpress\/ -->\n<title>Contacto | Edison Osorio<\/title>\n<meta name=\"robots\" content=\"index, follow, max-snippet:-1, max-image-preview:large, max-video-preview:-1\" \/>\n<link rel=\"canonical\" href=\"https:\/\/edisonosorio.com\/en\/contacto\/\" \/>\n<meta property=\"og:locale\" content=\"en_US\" \/>\n<meta property=\"og:type\" content=\"article\" \/>\n<meta property=\"og:title\" content=\"Contacto | Edison Osorio\" \/>\n<meta property=\"og:description\" content=\"Contacto .T\u00e9rminos y Condiciones Informaci\u00f3n de contacto Cli\u00edica Bioforma Oficinas: Carrera 25B No 16A Sur \u2013 211. Transversal Superior San Lucas Celular: (+57) 314 864 4099 info@edisonosorio.com Medell\u00edn, Antioquia. Colombia\" \/>\n<meta property=\"og:url\" content=\"https:\/\/edisonosorio.com\/en\/contacto\/\" \/>\n<meta property=\"og:site_name\" content=\"Edison Osorio\" \/>\n<meta property=\"article:modified_time\" content=\"2024-06-19T21:54:48+00:00\" \/>\n<meta name=\"twitter:card\" content=\"summary_large_image\" \/>\n<meta name=\"twitter:label1\" content=\"Est. reading time\" \/>\n\t<meta name=\"twitter:data1\" content=\"1 minute\" \/>\n<script type=\"application\/ld+json\" class=\"yoast-schema-graph\">{\"@context\":\"https:\/\/schema.org\",\"@graph\":[{\"@type\":\"WebPage\",\"@id\":\"https:\/\/edisonosorio.com\/contacto\/\",\"url\":\"https:\/\/edisonosorio.com\/contacto\/\",\"name\":\"Contacto | Edison Osorio\",\"isPartOf\":{\"@id\":\"https:\/\/edisonosorio.com\/#website\"},\"datePublished\":\"2024-04-18T00:48:25+00:00\",\"dateModified\":\"2024-06-19T21:54:48+00:00\",\"inLanguage\":\"en-US\",\"potentialAction\":[{\"@type\":\"ReadAction\",\"target\":[\"https:\/\/edisonosorio.com\/contacto\/\"]}]},{\"@type\":\"WebSite\",\"@id\":\"https:\/\/edisonosorio.com\/#website\",\"url\":\"https:\/\/edisonosorio.com\/\",\"name\":\"Edison Osorio\",\"description\":\".\",\"potentialAction\":[{\"@type\":\"SearchAction\",\"target\":{\"@type\":\"EntryPoint\",\"urlTemplate\":\"https:\/\/edisonosorio.com\/?s={search_term_string}\"},\"query-input\":{\"@type\":\"PropertyValueSpecification\",\"valueRequired\":true,\"valueName\":\"search_term_string\"}}],\"inLanguage\":\"en-US\"}]}<\/script>\n<!-- \/ Yoast SEO plugin. -->","yoast_head_json":{"title":"Contacto | Edison Osorio","robots":{"index":"index","follow":"follow","max-snippet":"max-snippet:-1","max-image-preview":"max-image-preview:large","max-video-preview":"max-video-preview:-1"},"canonical":"https:\/\/edisonosorio.com\/en\/contacto\/","og_locale":"en_US","og_type":"article","og_title":"Contacto | Edison Osorio","og_description":"Contacto .T\u00e9rminos y Condiciones Informaci\u00f3n de contacto Cli\u00edica Bioforma Oficinas: Carrera 25B No 16A Sur \u2013 211. Transversal Superior San Lucas Celular: (+57) 314 864 4099 info@edisonosorio.com Medell\u00edn, Antioquia. Colombia","og_url":"https:\/\/edisonosorio.com\/en\/contacto\/","og_site_name":"Edison Osorio","article_modified_time":"2024-06-19T21:54:48+00:00","twitter_card":"summary_large_image","twitter_misc":{"Est. reading time":"1 minute"},"schema":{"@context":"https:\/\/schema.org","@graph":[{"@type":"WebPage","@id":"https:\/\/edisonosorio.com\/contacto\/","url":"https:\/\/edisonosorio.com\/contacto\/","name":"Contacto | Edison Osorio","isPartOf":{"@id":"https:\/\/edisonosorio.com\/#website"},"datePublished":"2024-04-18T00:48:25+00:00","dateModified":"2024-06-19T21:54:48+00:00","inLanguage":"en-US","potentialAction":[{"@type":"ReadAction","target":["https:\/\/edisonosorio.com\/contacto\/"]}]},{"@type":"WebSite","@id":"https:\/\/edisonosorio.com\/#website","url":"https:\/\/edisonosorio.com\/","name":"Edison Osorio","description":".","potentialAction":[{"@type":"SearchAction","target":{"@type":"EntryPoint","urlTemplate":"https:\/\/edisonosorio.com\/?s={search_term_string}"},"query-input":{"@type":"PropertyValueSpecification","valueRequired":true,"valueName":"search_term_string"}}],"inLanguage":"en-US"}]}},"_links":{"self":[{"href":"https:\/\/edisonosorio.com\/en\/wp-json\/wp\/v2\/pages\/3843","targetHints":{"allow":["GET"]}}],"collection":[{"href":"https:\/\/edisonosorio.com\/en\/wp-json\/wp\/v2\/pages"}],"about":[{"href":"https:\/\/edisonosorio.com\/en\/wp-json\/wp\/v2\/types\/page"}],"author":[{"embeddable":true,"href":"https:\/\/edisonosorio.com\/en\/wp-json\/wp\/v2\/users\/1"}],"replies":[{"embeddable":true,"href":"https:\/\/edisonosorio.com\/en\/wp-json\/wp\/v2\/comments?post=3843"}],"version-history":[{"count":43,"href":"https:\/\/edisonosorio.com\/en\/wp-json\/wp\/v2\/pages\/3843\/revisions"}],"predecessor-version":[{"id":4756,"href":"https:\/\/edisonosorio.com\/en\/wp-json\/wp\/v2\/pages\/3843\/revisions\/4756"}],"wp:attachment":[{"href":"https:\/\/edisonosorio.com\/en\/wp-json\/wp\/v2\/media?parent=3843"}],"curies":[{"name":"wp","href":"https:\/\/api.w.org\/{rel}","templated":true}]}}